{"id":476,"date":"2024-06-19T17:50:14","date_gmt":"2024-06-19T17:50:14","guid":{"rendered":"https:\/\/dumatowild.com\/?page_id=476"},"modified":"2025-01-04T21:18:58","modified_gmt":"2025-01-04T21:18:58","slug":"quem-somos","status":"publish","type":"page","link":"https:\/\/dumatowild.com\/en\/quem-somos\/","title":{"rendered":"Who are we?"},"content":{"rendered":"<div data-elementor-type=\"wp-page\" data-elementor-id=\"476\" class=\"elementor elementor-476\" data-elementor-post-type=\"page\">\n\t\t\t\t\t\t<section class=\"elementor-section elementor-top-section elementor-element elementor-element-2c234234 elementor-section-height-min-height elementor-section-boxed elementor-section-height-default elementor-section-items-middle\" data-id=\"2c234234\" data-element_type=\"section\" data-settings=\"{&quot;background_background&quot;:&quot;classic&quot;}\">\n\t\t\t\t\t\t<div class=\"elementor-container elementor-column-gap-default\">\n\t\t\t\t\t<div class=\"elementor-column elementor-col-100 elementor-top-column elementor-element elementor-element-3c3fd7d1\" data-id=\"3c3fd7d1\" data-element_type=\"column\">\n\t\t\t<div class=\"elementor-widget-wrap elementor-element-populated\">\n\t\t\t\t\t\t<div class=\"elementor-element elementor-element-d63ea3 elementor-widget elementor-widget-heading\" data-id=\"d63ea3\" data-element_type=\"widget\" data-widget_type=\"heading.default\">\n\t\t\t\t<div class=\"elementor-widget-container\">\n\t\t\t<style>\/*! elementor - v3.19.0 - 07-02-2024 *\/\n.elementor-heading-title{padding:0;margin:0;line-height:1}.elementor-widget-heading .elementor-heading-title[class*=elementor-size-]>a{color:inherit;font-size:inherit;line-height:inherit}.elementor-widget-heading .elementor-heading-title.elementor-size-small{font-size:15px}.elementor-widget-heading .elementor-heading-title.elementor-size-medium{font-size:19px}.elementor-widget-heading .elementor-heading-title.elementor-size-large{font-size:29px}.elementor-widget-heading .elementor-heading-title.elementor-size-xl{font-size:39px}.elementor-widget-heading .elementor-heading-title.elementor-size-xxl{font-size:59px}<\/style><h1 class=\"elementor-heading-title elementor-size-default\">Who are we?<\/h1>\t\t<\/div>\n\t\t\t\t<\/div>\n\t\t\t\t\t<\/div>\n\t\t<\/div>\n\t\t\t\t\t<\/div>\n\t\t<\/section>\n\t\t\t\t<section class=\"elementor-section elementor-top-section elementor-element elementor-element-68d3223 elementor-section-height-min-height elementor-section-boxed elementor-section-height-default elementor-section-items-middle elementor-invisible\" data-id=\"68d3223\" data-element_type=\"section\" data-settings=\"{&quot;background_background&quot;:&quot;classic&quot;,&quot;animation&quot;:&quot;fadeInUp&quot;}\">\n\t\t\t\t\t\t<div class=\"elementor-container elementor-column-gap-default\">\n\t\t\t\t\t<div class=\"elementor-column elementor-col-50 elementor-top-column elementor-element elementor-element-2f57deee\" data-id=\"2f57deee\" data-element_type=\"column\">\n\t\t\t<div class=\"elementor-widget-wrap elementor-element-populated\">\n\t\t\t\t\t\t<div class=\"elementor-element elementor-element-58a0e458 elementor-invisible elementor-widget elementor-widget-heading\" data-id=\"58a0e458\" data-element_type=\"widget\" data-settings=\"{&quot;_animation&quot;:&quot;fadeInUp&quot;,&quot;_animation_delay&quot;:&quot;500&quot;}\" data-widget_type=\"heading.default\">\n\t\t\t\t<div class=\"elementor-widget-container\">\n\t\t\t<h2 class=\"elementor-heading-title elementor-size-default\">THE SPIRIT OF DUMATO WILD<\/h2>\t\t<\/div>\n\t\t\t\t<\/div>\n\t\t\t\t<div class=\"elementor-element elementor-element-5681caac elementor-invisible elementor-widget elementor-widget-text-editor\" data-id=\"5681caac\" data-element_type=\"widget\" data-settings=\"{&quot;_animation&quot;:&quot;fadeInUp&quot;,&quot;_animation_delay&quot;:&quot;600&quot;}\" data-widget_type=\"text-editor.default\">\n\t\t\t\t<div class=\"elementor-widget-container\">\n\t\t\t<style>\/*! elementor - v3.19.0 - 07-02-2024 *\/\n.elementor-widget-text-editor.elementor-drop-cap-view-stacked .elementor-drop-cap{background-color:#69727d;color:#fff}.elementor-widget-text-editor.elementor-drop-cap-view-framed .elementor-drop-cap{color:#69727d;border:3px solid;background-color:transparent}.elementor-widget-text-editor:not(.elementor-drop-cap-view-default) .elementor-drop-cap{margin-top:8px}.elementor-widget-text-editor:not(.elementor-drop-cap-view-default) .elementor-drop-cap-letter{width:1em;height:1em}.elementor-widget-text-editor .elementor-drop-cap{float:left;text-align:center;line-height:1;font-size:50px}.elementor-widget-text-editor .elementor-drop-cap-letter{display:inline-block}<\/style>\t\t\t\t<p>Immerse yourself in the Amazon rainforest and discover its exceptional products, while respecting the environment and its inhabitants.<\/p>\t\t\t\t\t\t<\/div>\n\t\t\t\t<\/div>\n\t\t\t\t<div class=\"elementor-element elementor-element-7cfe2a30 elementor-invisible elementor-widget elementor-widget-text-editor\" data-id=\"7cfe2a30\" data-element_type=\"widget\" data-settings=\"{&quot;_animation&quot;:&quot;fadeInUp&quot;,&quot;_animation_delay&quot;:&quot;700&quot;}\" data-widget_type=\"text-editor.default\">\n\t\t\t\t<div class=\"elementor-widget-container\">\n\t\t\t\t\t\t\t<p>Located in Manaus, Brazil,<strong> DUMATO WILD<\/strong> is the cornerstone of an international network that stretches from Europe to Japan and unites people (Native people, entrepreneurs, scientists) who share the same values and objectives: to preserve the Amazon and its original population by promoting its natural resources.<\/p><p>Immerse yourself in the Amazon rainforest and discover its exceptional products, while respecting the environment and its inhabitants.\n\nLocated in Manaus, Brazil, DUMATO WILD is the cornerstone of an international network that stretches from Europe to Japan and unites people (Native people, entrepreneurs, scientists) who share the same values and objectives: to preserve the Amazon and its original population by promoting its natural resources.\n\nIt's a virtuous circle. Concerned about the environmental threats to their habitat, the people of the forest obtain - thanks to the fair commercialisation of their natural products of exceptional quality - the resources necessary for their autonomy and for the long-term protection of their culture and the forest. At the end of the chain, consumers are guaranteed the best products for their bodies through traceability. At the same time, they have the satisfaction of contributing to the protection of the priceless source of life that is the Amazon.<\/p>\t\t\t\t\t\t<\/div>\n\t\t\t\t<\/div>\n\t\t\t\t<div class=\"elementor-element elementor-element-41707171 elementor-widget__width-initial elementor-absolute elementor-hidden-tablet elementor-hidden-mobile elementor-hidden-desktop elementor-widget elementor-widget-heading\" data-id=\"41707171\" data-element_type=\"widget\" data-settings=\"{&quot;_position&quot;:&quot;absolute&quot;}\" data-widget_type=\"heading.default\">\n\t\t\t\t<div class=\"elementor-widget-container\">\n\t\t\t<h2 class=\"elementor-heading-title elementor-size-default\">QUEM SOMOS<\/h2>\t\t<\/div>\n\t\t\t\t<\/div>\n\t\t\t\t\t<\/div>\n\t\t<\/div>\n\t\t\t\t<div class=\"elementor-column elementor-col-50 elementor-top-column elementor-element elementor-element-3c7554ff\" data-id=\"3c7554ff\" data-element_type=\"column\">\n\t\t\t<div class=\"elementor-widget-wrap elementor-element-populated\">\n\t\t\t\t\t\t<div class=\"elementor-element elementor-element-3daf3b33 elementor-widget__width-initial elementor-absolute elementor-widget-tablet__width-initial elementor-hidden-phone elementor-invisible elementor-widget elementor-widget-image\" data-id=\"3daf3b33\" data-element_type=\"widget\" data-settings=\"{&quot;_animation&quot;:&quot;fadeInRight&quot;,&quot;_animation_delay&quot;:&quot;600&quot;,&quot;_position&quot;:&quot;absolute&quot;}\" data-widget_type=\"image.default\">\n\t\t\t\t<div class=\"elementor-widget-container\">\n\t\t\t<style>\/*! elementor - v3.19.0 - 07-02-2024 *\/\n.elementor-widget-image{text-align:center}.elementor-widget-image a{display:inline-block}.elementor-widget-image a img[src$=\".svg\"]{width:48px}.elementor-widget-image img{vertical-align:middle;display:inline-block}<\/style>\t\t\t\t\t\t\t\t\t\t<img fetchpriority=\"high\" decoding=\"async\" width=\"771\" height=\"862\" src=\"https:\/\/dumatowild.com\/wp-content\/uploads\/2024\/07\/about-image-1-latest-v3.jpg\" class=\"attachment-full size-full wp-image-1475\" alt=\"\" srcset=\"https:\/\/dumatowild.com\/wp-content\/uploads\/2024\/07\/about-image-1-latest-v3.jpg 771w, https:\/\/dumatowild.com\/wp-content\/uploads\/2024\/07\/about-image-1-latest-v3-268x300.jpg 268w, https:\/\/dumatowild.com\/wp-content\/uploads\/2024\/07\/about-image-1-latest-v3-768x859.jpg 768w, https:\/\/dumatowild.com\/wp-content\/uploads\/2024\/07\/about-image-1-latest-v3-11x12.jpg 11w\" sizes=\"(max-width: 771px) 100vw, 771px\" \/>\t\t\t\t\t\t\t\t\t\t\t\t\t<\/div>\n\t\t\t\t<\/div>\n\t\t\t\t\t<\/div>\n\t\t<\/div>\n\t\t\t\t\t<\/div>\n\t\t<\/section>\n\t\t\t\t<section class=\"elementor-section elementor-top-section elementor-element elementor-element-1ce85c69 elementor-section-boxed elementor-section-height-default elementor-section-height-default\" data-id=\"1ce85c69\" data-element_type=\"section\">\n\t\t\t\t\t\t<div class=\"elementor-container elementor-column-gap-default\">\n\t\t\t\t\t<div class=\"elementor-column elementor-col-100 elementor-top-column elementor-element elementor-element-46b7db7a\" data-id=\"46b7db7a\" data-element_type=\"column\">\n\t\t\t<div class=\"elementor-widget-wrap elementor-element-populated\">\n\t\t\t\t\t\t<div class=\"elementor-element elementor-element-374e4bb7 elementor-invisible elementor-widget elementor-widget-heading\" data-id=\"374e4bb7\" data-element_type=\"widget\" data-settings=\"{&quot;_animation&quot;:&quot;fadeInUp&quot;}\" data-widget_type=\"heading.default\">\n\t\t\t\t<div class=\"elementor-widget-container\">\n\t\t\t<h2 class=\"elementor-heading-title elementor-size-default\">Who Are We?<\/h2>\t\t<\/div>\n\t\t\t\t<\/div>\n\t\t\t\t<div class=\"elementor-element elementor-element-42e37a45 elementor-invisible elementor-widget elementor-widget-text-editor\" data-id=\"42e37a45\" data-element_type=\"widget\" data-settings=\"{&quot;_animation&quot;:&quot;fadeInUp&quot;,&quot;_animation_delay&quot;:&quot;500&quot;}\" data-widget_type=\"text-editor.default\">\n\t\t\t\t<div class=\"elementor-widget-container\">\n\t\t\t\t\t\t\t<p>DUMATO WILD's founders and partners have in-depth knowledge of the properties of different natural products, confirmed by scientific studies. They have a privileged network with Native communities, small producers' co-operatives and universities in Brazil and abroad. But above all, they are passionate about this forest!<\/p>\t\t\t\t\t\t<\/div>\n\t\t\t\t<\/div>\n\t\t\t\t\t<\/div>\n\t\t<\/div>\n\t\t\t\t\t<\/div>\n\t\t<\/section>\n\t\t\t\t<section class=\"elementor-section elementor-top-section elementor-element elementor-element-34f09e64 elementor-section-boxed elementor-section-height-default elementor-section-height-default elementor-invisible\" data-id=\"34f09e64\" data-element_type=\"section\" data-settings=\"{&quot;animation&quot;:&quot;fadeInUp&quot;,&quot;animation_delay&quot;:&quot;600&quot;}\">\n\t\t\t\t\t\t<div class=\"elementor-container elementor-column-gap-default\">\n\t\t\t\t\t<div class=\"elementor-column elementor-col-33 elementor-top-column elementor-element elementor-element-33ca41ca\" data-id=\"33ca41ca\" data-element_type=\"column\">\n\t\t\t<div class=\"elementor-widget-wrap elementor-element-populated\">\n\t\t\t\t\t\t<div class=\"elementor-element elementor-element-9578001 elementor-position-top elementor-widget elementor-widget-image-box\" data-id=\"9578001\" data-element_type=\"widget\" data-widget_type=\"image-box.default\">\n\t\t\t\t<div class=\"elementor-widget-container\">\n\t\t\t<style>\/*! elementor - v3.19.0 - 07-02-2024 *\/\n.elementor-widget-image-box .elementor-image-box-content{width:100%}@media (min-width:768px){.elementor-widget-image-box.elementor-position-left .elementor-image-box-wrapper,.elementor-widget-image-box.elementor-position-right .elementor-image-box-wrapper{display:flex}.elementor-widget-image-box.elementor-position-right .elementor-image-box-wrapper{text-align:right;flex-direction:row-reverse}.elementor-widget-image-box.elementor-position-left .elementor-image-box-wrapper{text-align:left;flex-direction:row}.elementor-widget-image-box.elementor-position-top .elementor-image-box-img{margin:auto}.elementor-widget-image-box.elementor-vertical-align-top .elementor-image-box-wrapper{align-items:flex-start}.elementor-widget-image-box.elementor-vertical-align-middle .elementor-image-box-wrapper{align-items:center}.elementor-widget-image-box.elementor-vertical-align-bottom .elementor-image-box-wrapper{align-items:flex-end}}@media (max-width:767px){.elementor-widget-image-box .elementor-image-box-img{margin-left:auto!important;margin-right:auto!important;margin-bottom:15px}}.elementor-widget-image-box .elementor-image-box-img{display:inline-block}.elementor-widget-image-box .elementor-image-box-title a{color:inherit}.elementor-widget-image-box .elementor-image-box-wrapper{text-align:center}.elementor-widget-image-box .elementor-image-box-description{margin:0}<\/style><div class=\"elementor-image-box-wrapper\"><figure class=\"elementor-image-box-img\"><img decoding=\"async\" width=\"429\" height=\"414\" src=\"https:\/\/dumatowild.com\/wp-content\/uploads\/2024\/07\/luana.png\" class=\"attachment-full size-full wp-image-1244\" alt=\"\" srcset=\"https:\/\/dumatowild.com\/wp-content\/uploads\/2024\/07\/luana.png 429w, https:\/\/dumatowild.com\/wp-content\/uploads\/2024\/07\/luana-300x290.png 300w, https:\/\/dumatowild.com\/wp-content\/uploads\/2024\/07\/luana-12x12.png 12w\" sizes=\"(max-width: 429px) 100vw, 429px\" \/><\/figure><div class=\"elementor-image-box-content\"><h6 class=\"elementor-image-box-title\">Dra Luana Merckling - Almeida da Silva<\/h6><p class=\"elementor-image-box-description\">Born on the banks of the Amazon River in Macap\u00e1, she worked as doctor in Brazil before moving to Switzerland, where she runs a clinic. Her qualifications allows her to combine scientific and traditional Amazonian knowledge. <\/p><\/div><\/div>\t\t<\/div>\n\t\t\t\t<\/div>\n\t\t\t\t\t<\/div>\n\t\t<\/div>\n\t\t\t\t<div class=\"elementor-column elementor-col-33 elementor-top-column elementor-element elementor-element-73ef9fe\" data-id=\"73ef9fe\" data-element_type=\"column\">\n\t\t\t<div class=\"elementor-widget-wrap elementor-element-populated\">\n\t\t\t\t\t\t<div class=\"elementor-element elementor-element-4242e1d elementor-position-top elementor-widget elementor-widget-image-box\" data-id=\"4242e1d\" data-element_type=\"widget\" data-widget_type=\"image-box.default\">\n\t\t\t\t<div class=\"elementor-widget-container\">\n\t\t\t<div class=\"elementor-image-box-wrapper\"><figure class=\"elementor-image-box-img\"><img decoding=\"async\" width=\"429\" height=\"414\" src=\"https:\/\/dumatowild.com\/wp-content\/uploads\/2024\/07\/nicolas.png\" class=\"attachment-full size-full wp-image-1252\" alt=\"Nicolas\" srcset=\"https:\/\/dumatowild.com\/wp-content\/uploads\/2024\/07\/nicolas.png 429w, https:\/\/dumatowild.com\/wp-content\/uploads\/2024\/07\/nicolas-300x290.png 300w, https:\/\/dumatowild.com\/wp-content\/uploads\/2024\/07\/nicolas-12x12.png 12w\" sizes=\"(max-width: 429px) 100vw, 429px\" \/><\/figure><div class=\"elementor-image-box-content\"><h6 class=\"elementor-image-box-title\">Nicolas Merckling<\/h6><p class=\"elementor-image-box-description\">Former journalist and anthropologist with a passion for the Amazon, he also has a background in biochemistry, which allows him to combine his different areas of expertise to promote DUMATO's beneficial natural products.  <\/p><\/div><\/div>\t\t<\/div>\n\t\t\t\t<\/div>\n\t\t\t\t\t<\/div>\n\t\t<\/div>\n\t\t\t\t<div class=\"elementor-column elementor-col-33 elementor-top-column elementor-element elementor-element-616ad6a\" data-id=\"616ad6a\" data-element_type=\"column\">\n\t\t\t<div class=\"elementor-widget-wrap elementor-element-populated\">\n\t\t\t\t\t\t<div class=\"elementor-element elementor-element-5af33b5 elementor-position-top elementor-widget elementor-widget-image-box\" data-id=\"5af33b5\" data-element_type=\"widget\" data-widget_type=\"image-box.default\">\n\t\t\t\t<div class=\"elementor-widget-container\">\n\t\t\t<div class=\"elementor-image-box-wrapper\"><figure class=\"elementor-image-box-img\"><img loading=\"lazy\" decoding=\"async\" width=\"429\" height=\"414\" src=\"https:\/\/dumatowild.com\/wp-content\/uploads\/2024\/07\/jucenilda.png\" class=\"attachment-full size-full wp-image-1259\" alt=\"\" srcset=\"https:\/\/dumatowild.com\/wp-content\/uploads\/2024\/07\/jucenilda.png 429w, https:\/\/dumatowild.com\/wp-content\/uploads\/2024\/07\/jucenilda-300x290.png 300w, https:\/\/dumatowild.com\/wp-content\/uploads\/2024\/07\/jucenilda-12x12.png 12w\" sizes=\"(max-width: 429px) 100vw, 429px\" \/><\/figure><div class=\"elementor-image-box-content\"><h6 class=\"elementor-image-box-title\">Jucenilda Pena de Sousa<\/h6><p class=\"elementor-image-box-description\">Membro da associa\u00e7\u00e3o de mulheres ind\u00edgenas Sat\u00e9r\u00e9 Maw\u00e9, \u00e9 s\u00f3cia-gerente \nda DUMATO WILD. Est\u00e1 empenhada em reconhecer o papel das mulheres no \ndesenvolvimento das comunidades amaz\u00f4nicas.<\/p><\/div><\/div>\t\t<\/div>\n\t\t\t\t<\/div>\n\t\t\t\t\t<\/div>\n\t\t<\/div>\n\t\t\t\t\t<\/div>\n\t\t<\/section>\n\t\t\t\t<\/div>","protected":false},"excerpt":{"rendered":"<p>Quem Somos O ESP\u00cdRITO DUMATO WILD Mergulhe na floresta amaz\u00f4nica e descubra os seus produtos excepcionais, respeitando o meio ambiente e seus habitantes Localizado em Manaus, Brasil, a DUMATO WILD \u00e9 a pedra angular de uma rede internacional que se estende da Europa ao Jap\u00e3o e une pessoas (ind\u00edgenas, empres\u00e1rios, cientistas) que compartilham os mesmos [&hellip;]<\/p>","protected":false},"author":1,"featured_media":0,"parent":0,"menu_order":0,"comment_status":"closed","ping_status":"closed","template":"","meta":{"footnotes":""},"class_list":["post-476","page","type-page","status-publish","hentry"],"_links":{"self":[{"href":"https:\/\/dumatowild.com\/en\/wp-json\/wp\/v2\/pages\/476","targetHints":{"allow":["GET"]}}],"collection":[{"href":"https:\/\/dumatowild.com\/en\/wp-json\/wp\/v2\/pages"}],"about":[{"href":"https:\/\/dumatowild.com\/en\/wp-json\/wp\/v2\/types\/page"}],"author":[{"embeddable":true,"href":"https:\/\/dumatowild.com\/en\/wp-json\/wp\/v2\/users\/1"}],"replies":[{"embeddable":true,"href":"https:\/\/dumatowild.com\/en\/wp-json\/wp\/v2\/comments?post=476"}],"version-history":[{"count":10,"href":"https:\/\/dumatowild.com\/en\/wp-json\/wp\/v2\/pages\/476\/revisions"}],"predecessor-version":[{"id":2493,"href":"https:\/\/dumatowild.com\/en\/wp-json\/wp\/v2\/pages\/476\/revisions\/2493"}],"wp:attachment":[{"href":"https:\/\/dumatowild.com\/en\/wp-json\/wp\/v2\/media?parent=476"}],"curies":[{"name":"wp","href":"https:\/\/api.w.org\/{rel}","templated":true}]}}