{"id":1161,"date":"2024-06-25T15:51:16","date_gmt":"2024-06-25T15:51:16","guid":{"rendered":"https:\/\/dumatowild.com\/?page_id=1161"},"modified":"2024-08-15T15:53:33","modified_gmt":"2024-08-15T15:53:33","slug":"castanhas-da-amazonia-castanhas-do-brasil","status":"publish","type":"page","link":"https:\/\/dumatowild.com\/en\/castanhas-da-amazonia-castanhas-do-brasil\/","title":{"rendered":"Brazil nuts\/Amazon Nuts"},"content":{"rendered":"<div data-elementor-type=\"wp-page\" data-elementor-id=\"1161\" class=\"elementor elementor-1161\" data-elementor-post-type=\"page\">\n\t\t\t\t\t\t<section class=\"elementor-section elementor-top-section elementor-element elementor-element-77199ad4 elementor-section-height-min-height elementor-section-boxed elementor-section-height-default elementor-section-items-middle\" data-id=\"77199ad4\" data-element_type=\"section\" data-settings=\"{&quot;background_background&quot;:&quot;classic&quot;}\">\n\t\t\t\t\t\t<div class=\"elementor-container elementor-column-gap-default\">\n\t\t\t\t\t<div class=\"elementor-column elementor-col-100 elementor-top-column elementor-element elementor-element-cef61e7\" data-id=\"cef61e7\" data-element_type=\"column\">\n\t\t\t<div class=\"elementor-widget-wrap elementor-element-populated\">\n\t\t\t\t\t\t<div class=\"elementor-element elementor-element-45196c4 elementor-widget elementor-widget-heading\" data-id=\"45196c4\" data-element_type=\"widget\" data-widget_type=\"heading.default\">\n\t\t\t\t<div class=\"elementor-widget-container\">\n\t\t\t<style>\/*! elementor - v3.19.0 - 07-02-2024 *\/\n.elementor-heading-title{padding:0;margin:0;line-height:1}.elementor-widget-heading .elementor-heading-title[class*=elementor-size-]>a{color:inherit;font-size:inherit;line-height:inherit}.elementor-widget-heading .elementor-heading-title.elementor-size-small{font-size:15px}.elementor-widget-heading .elementor-heading-title.elementor-size-medium{font-size:19px}.elementor-widget-heading .elementor-heading-title.elementor-size-large{font-size:29px}.elementor-widget-heading .elementor-heading-title.elementor-size-xl{font-size:39px}.elementor-widget-heading .elementor-heading-title.elementor-size-xxl{font-size:59px}<\/style><h1 class=\"elementor-heading-title elementor-size-default\">Our products<\/h1>\t\t<\/div>\n\t\t\t\t<\/div>\n\t\t\t\t\t<\/div>\n\t\t<\/div>\n\t\t\t\t\t<\/div>\n\t\t<\/section>\n\t\t\t\t<section class=\"elementor-section elementor-top-section elementor-element elementor-element-a7582a5 elementor-section-boxed elementor-section-height-default elementor-section-height-default\" data-id=\"a7582a5\" data-element_type=\"section\">\n\t\t\t\t\t\t<div class=\"elementor-container elementor-column-gap-default\">\n\t\t\t\t\t<div class=\"elementor-column elementor-col-100 elementor-top-column elementor-element elementor-element-11246f85\" data-id=\"11246f85\" data-element_type=\"column\">\n\t\t\t<div class=\"elementor-widget-wrap elementor-element-populated\">\n\t\t\t\t\t\t<div class=\"elementor-element elementor-element-b2f806e elementor-widget elementor-widget-heading\" data-id=\"b2f806e\" data-element_type=\"widget\" data-widget_type=\"heading.default\">\n\t\t\t\t<div class=\"elementor-widget-container\">\n\t\t\t<h2 class=\"elementor-heading-title elementor-size-default\">Brazil nuts\/Amazon Nuts<\/h2>\t\t<\/div>\n\t\t\t\t<\/div>\n\t\t\t\t<div class=\"elementor-element elementor-element-30f7a39 elementor-widget elementor-widget-heading\" data-id=\"30f7a39\" data-element_type=\"widget\" data-widget_type=\"heading.default\">\n\t\t\t\t<div class=\"elementor-widget-container\">\n\t\t\t<h6 class=\"elementor-heading-title elementor-size-default\">Bertholletia excelsa<\/h6>\t\t<\/div>\n\t\t\t\t<\/div>\n\t\t\t\t<div class=\"elementor-element elementor-element-3cddc4f elementor-widget elementor-widget-heading\" data-id=\"3cddc4f\" data-element_type=\"widget\" data-widget_type=\"heading.default\">\n\t\t\t\t<div class=\"elementor-widget-container\">\n\t\t\t<h6 class=\"elementor-heading-title elementor-size-default\">PRESENTATION<\/h6>\t\t<\/div>\n\t\t\t\t<\/div>\n\t\t\t\t<div class=\"elementor-element elementor-element-1047c88a elementor-widget elementor-widget-text-editor\" data-id=\"1047c88a\" data-element_type=\"widget\" data-widget_type=\"text-editor.default\">\n\t\t\t\t<div class=\"elementor-widget-container\">\n\t\t\t<style>\/*! elementor - v3.19.0 - 07-02-2024 *\/\n.elementor-widget-text-editor.elementor-drop-cap-view-stacked .elementor-drop-cap{background-color:#69727d;color:#fff}.elementor-widget-text-editor.elementor-drop-cap-view-framed .elementor-drop-cap{color:#69727d;border:3px solid;background-color:transparent}.elementor-widget-text-editor:not(.elementor-drop-cap-view-default) .elementor-drop-cap{margin-top:8px}.elementor-widget-text-editor:not(.elementor-drop-cap-view-default) .elementor-drop-cap-letter{width:1em;height:1em}.elementor-widget-text-editor .elementor-drop-cap{float:left;text-align:center;line-height:1;font-size:50px}.elementor-widget-text-editor .elementor-drop-cap-letter{display:inline-block}<\/style>\t\t\t\t<p><span style=\"font-weight: 400;\">The Amazon nut is known for its richness in natural proteins, unsaturated fatty acids and its high content of selenium, zinc, copper, magnesium, fibres and minerals useful for metabolism. It is a complete vegetable source of nutrition and energy. DUMATO WILD offers two categories of Amazon nut: the one from the Apurin\u00e3 indigenous land and the one from the state of Amazonas.<\/span><\/p><p>\u00a0<\/p><p><span style=\"font-weight: 400;\">The Amazon nut comes from a tree that grows 40 to 50 metres high. It takes at least two years between flowering and the mature nuts falling, which occurs in December\/January. The nuts are packed in a large shell that weighs over a kilo. Another small shell must be cracked to extract the nut.<\/span><\/p><p>\u00a0<\/p><p><b>Minimum order:<\/b><span style=\"font-weight: 400;\"> 20 kg.<\/span><\/p>\t\t\t\t\t\t<\/div>\n\t\t\t\t<\/div>\n\t\t\t\t<section class=\"elementor-section elementor-inner-section elementor-element elementor-element-1262ddf8 elementor-section-height-min-height elementor-section-boxed elementor-section-height-default\" data-id=\"1262ddf8\" data-element_type=\"section\" data-settings=\"{&quot;background_background&quot;:&quot;classic&quot;}\">\n\t\t\t\t\t\t<div class=\"elementor-container elementor-column-gap-default\">\n\t\t\t\t\t<div class=\"elementor-column elementor-col-100 elementor-inner-column elementor-element elementor-element-2272562b\" data-id=\"2272562b\" data-element_type=\"column\">\n\t\t\t<div class=\"elementor-widget-wrap elementor-element-populated\">\n\t\t\t\t\t\t<div class=\"elementor-element elementor-element-1f2d3f41 elementor-widget elementor-widget-heading\" data-id=\"1f2d3f41\" data-element_type=\"widget\" data-widget_type=\"heading.default\">\n\t\t\t\t<div class=\"elementor-widget-container\">\n\t\t\t<h6 class=\"elementor-heading-title elementor-size-default\">As well as being highly nutritious, Brazil nuts are rich in antioxidants, especially selenium. It can also help improve intestinal transit and replenish the body's energy supply.<\/h6>\t\t<\/div>\n\t\t\t\t<\/div>\n\t\t\t\t\t<\/div>\n\t\t<\/div>\n\t\t\t\t\t<\/div>\n\t\t<\/section>\n\t\t\t\t<div class=\"elementor-element elementor-element-3e6126ac elementor-widget elementor-widget-heading\" data-id=\"3e6126ac\" data-element_type=\"widget\" data-widget_type=\"heading.default\">\n\t\t\t\t<div class=\"elementor-widget-container\">\n\t\t\t<h6 class=\"elementor-heading-title elementor-size-default\">BIOACTIVE COMPONENTS OF THE AMAZON NUT<\/h6>\t\t<\/div>\n\t\t\t\t<\/div>\n\t\t\t\t<div class=\"elementor-element elementor-element-2c390d97 elementor-widget elementor-widget-text-editor\" data-id=\"2c390d97\" data-element_type=\"widget\" data-widget_type=\"text-editor.default\">\n\t\t\t\t<div class=\"elementor-widget-container\">\n\t\t\t\t\t\t\t<p><b>Fibre:<\/b><\/p><p><span style=\"font-weight: 400;\">Fibres contribute to the feeling of early satiety, which can help with weight control by cutting down on excessive cravings for calorific foods.<\/span><span style=\"font-weight: 400;\">.<\/span><\/p><p>\u00a0<\/p><ul><li><b>Selenium<\/b><\/li><\/ul><p><span style=\"font-weight: 400;\">Copper helps to:<\/span><\/p><p><span style=\"font-weight: 400;\">- protect cells against oxidative stress<\/span><\/p><p><span style=\"font-weight: 400;\">- regulate the functioning of the immune system<\/span><\/p><p><span style=\"font-weight: 400;\">- regulate thyroid function<\/span><\/p><p><span style=\"font-weight: 400;\">- maintenance of normal hair and nails<\/span><\/p><p><span style=\"font-weight: 400;\">- healthy spermatogenesis and ovulation<\/span><\/p><p>\u00a0<\/p><ul><li><b>Copper<\/b><\/li><\/ul><p><span style=\"font-weight: 400;\">Copper helps to:<\/span><\/p><p><span style=\"font-weight: 400;\">- protect cells against oxidative stress<\/span><\/p><p><span style=\"font-weight: 400;\">&#8211; <\/span><span style=\"font-weight: 400;\">- proper functioning of the immune system<\/span><\/p><p><span style=\"font-weight: 400;\">- maintenance of normal connective tissue<\/span><\/p><p><span style=\"font-weight: 400;\">- regulate energy metabolism<\/span><\/p><p><span style=\"font-weight: 400;\">- regulate the functioning of the nervous system<\/span><\/p><p><span style=\"font-weight: 400;\">- memory and concentration<\/span><\/p><p><span style=\"font-weight: 400;\">- regulate transport of iron in the body<\/span><\/p><p><span style=\"font-weight: 400;\">- regulate pigmentation of skin and hair<\/span><\/p><p>\u00a0<\/p><ul><li><b>Magnesium<\/b><\/li><\/ul><p><span style=\"font-weight: 400;\">Magnesium helps to:<\/span><\/p><p><span style=\"font-weight: 400;\">- reduce fatigue<\/span><\/p><p><span style=\"font-weight: 400;\">- regulate energy metabolism<\/span><\/p><p><span style=\"font-weight: 400;\">- regulate the functioning of the nervous system<\/span><\/p><p><span style=\"font-weight: 400;\">- regulate muscle function<\/span><\/p><p><span style=\"font-weight: 400;\">- regulate protein synthesis<\/span><\/p><p><span style=\"font-weight: 400;\">- regulate psychological functions<\/span><\/p><p><span style=\"font-weight: 400;\">- maintenance of normal bone structure<\/span><\/p><p><span style=\"font-weight: 400;\">- maintenance of normal dentition<\/span><\/p><p><span style=\"font-weight: 400;\">- the normal process of cell division<\/span><\/p><p>\u00a0<\/p><ul><li><b>Zinc:<\/b><\/li><\/ul><p><span style=\"font-weight: 400;\">Zinc contributes to:<\/span><\/p><p><span style=\"font-weight: 400;\">- regulate DNA synthesis<\/span><\/p><p><span style=\"font-weight: 400;\">- regulate fertility and reproduction<\/span><\/p><p><span style=\"font-weight: 400;\">- regulate metabolism of fatty acids, macronutrients and vitamin A<\/span><\/p><p><span style=\"font-weight: 400;\">- regulate protein synthesis<\/span><\/p><p><span style=\"font-weight: 400;\">- maintenance of normal vision<\/span><\/p><p><span style=\"font-weight: 400;\">- regulate the functioning of the immune system<\/span><\/p><p><span style=\"font-weight: 400;\">- protect cells against oxidative stress<\/span><\/p><p><span style=\"font-weight: 400;\">- maintenance of normal skin, nails and hair<\/span><\/p><p><span style=\"font-weight: 400;\">- maintenance of normal bone structure<\/span><\/p><p><span style=\"font-weight: 400;\">- the normal process of cell division<\/span><\/p><p>\u00a0<\/p><ul><li><b>Phosphorus<\/b><\/li><\/ul><p><span style=\"font-weight: 400;\">Phosphorus contributes to:<\/span><\/p><p><span style=\"font-weight: 400;\">- regulate energy metabolism<\/span><\/p><p><span style=\"font-weight: 400;\">- regulate functioning of cell membranes<\/span><\/p><p><span style=\"font-weight: 400;\">- maintenance of normal bone structure<\/span><\/p><p><span style=\"font-weight: 400;\">- growth and bone development in children<\/span><\/p><p><span style=\"font-weight: 400;\">- maintenance of normal dentition<\/span><\/p><p>\u00a0<\/p><ul><li><b>Thiamine<\/b><\/li><\/ul><p><span style=\"font-weight: 400;\">Thiamine\u00a0<\/span><\/p><p><span style=\"font-weight: 400;\">- helps strengthen the nervous system\u00a0<\/span><\/p><p><span style=\"font-weight: 400;\">- maintains good cardiovascular health<\/span><\/p><p>\u00a0<\/p><p><b>For more information, please contact us.<\/b><\/p><p>\u00a0<\/p><p><a href=\"https:\/\/dumatowild.com\/en\/2024\/06\/24\/a-colheita-da-castanha-da-amazonia-um-tesouro-da-floresta-2\/\"><i><span style=\"font-weight: 400;\">Harvesting the Amazon Brazil Nut: A Forest Treasure<\/span><\/i><\/a><\/p><p>\u00a0<\/p>\t\t\t\t\t\t<\/div>\n\t\t\t\t<\/div>\n\t\t\t\t<section class=\"elementor-section elementor-inner-section elementor-element elementor-element-23bb85ec elementor-section-boxed elementor-section-height-default elementor-section-height-default\" data-id=\"23bb85ec\" data-element_type=\"section\">\n\t\t\t\t\t\t<div class=\"elementor-container elementor-column-gap-default\">\n\t\t\t\t\t<div class=\"elementor-column elementor-col-33 elementor-inner-column elementor-element elementor-element-77c42c1a\" data-id=\"77c42c1a\" data-element_type=\"column\">\n\t\t\t<div class=\"elementor-widget-wrap elementor-element-populated\">\n\t\t\t\t\t\t<div class=\"elementor-element elementor-element-50361082 elementor-widget elementor-widget-image\" data-id=\"50361082\" data-element_type=\"widget\" data-widget_type=\"image.default\">\n\t\t\t\t<div class=\"elementor-widget-container\">\n\t\t\t<style>\/*! elementor - v3.19.0 - 07-02-2024 *\/\n.elementor-widget-image{text-align:center}.elementor-widget-image a{display:inline-block}.elementor-widget-image a img[src$=\".svg\"]{width:48px}.elementor-widget-image img{vertical-align:middle;display:inline-block}<\/style>\t\t\t\t\t\t\t\t\t\t<img fetchpriority=\"high\" decoding=\"async\" width=\"225\" height=\"260\" src=\"https:\/\/dumatowild.com\/wp-content\/uploads\/2024\/07\/castanha-01.jpg\" class=\"attachment-full size-full wp-image-1235\" alt=\"Castanha da Amaz\u00f4nia\" srcset=\"https:\/\/dumatowild.com\/wp-content\/uploads\/2024\/07\/castanha-01.jpg 225w, https:\/\/dumatowild.com\/wp-content\/uploads\/2024\/07\/castanha-01-10x12.jpg 10w\" sizes=\"(max-width: 225px) 100vw, 225px\" \/>\t\t\t\t\t\t\t\t\t\t\t\t\t<\/div>\n\t\t\t\t<\/div>\n\t\t\t\t\t<\/div>\n\t\t<\/div>\n\t\t\t\t<div class=\"elementor-column elementor-col-33 elementor-inner-column elementor-element elementor-element-2d23f386\" data-id=\"2d23f386\" data-element_type=\"column\">\n\t\t\t<div class=\"elementor-widget-wrap elementor-element-populated\">\n\t\t\t\t\t\t<div class=\"elementor-element elementor-element-185d712a elementor-widget elementor-widget-image\" data-id=\"185d712a\" data-element_type=\"widget\" data-widget_type=\"image.default\">\n\t\t\t\t<div class=\"elementor-widget-container\">\n\t\t\t\t\t\t\t\t\t\t\t\t\t<img decoding=\"async\" width=\"225\" height=\"260\" src=\"https:\/\/dumatowild.com\/wp-content\/uploads\/2024\/07\/castanha-02.jpg\" class=\"attachment-full size-full wp-image-1236\" alt=\"Castanha da Amaz\u00f4nia\" srcset=\"https:\/\/dumatowild.com\/wp-content\/uploads\/2024\/07\/castanha-02.jpg 225w, https:\/\/dumatowild.com\/wp-content\/uploads\/2024\/07\/castanha-02-10x12.jpg 10w\" sizes=\"(max-width: 225px) 100vw, 225px\" \/>\t\t\t\t\t\t\t\t\t\t\t\t\t<\/div>\n\t\t\t\t<\/div>\n\t\t\t\t\t<\/div>\n\t\t<\/div>\n\t\t\t\t<div class=\"elementor-column elementor-col-33 elementor-inner-column elementor-element elementor-element-7aa7060c\" data-id=\"7aa7060c\" data-element_type=\"column\">\n\t\t\t<div class=\"elementor-widget-wrap elementor-element-populated\">\n\t\t\t\t\t\t<div class=\"elementor-element elementor-element-50b7da49 elementor-widget elementor-widget-image\" data-id=\"50b7da49\" data-element_type=\"widget\" data-widget_type=\"image.default\">\n\t\t\t\t<div class=\"elementor-widget-container\">\n\t\t\t\t\t\t\t\t\t\t\t\t\t<img decoding=\"async\" width=\"225\" height=\"260\" src=\"https:\/\/dumatowild.com\/wp-content\/uploads\/2024\/07\/castanha-03.jpg\" class=\"attachment-full size-full wp-image-1237\" alt=\"\" srcset=\"https:\/\/dumatowild.com\/wp-content\/uploads\/2024\/07\/castanha-03.jpg 225w, https:\/\/dumatowild.com\/wp-content\/uploads\/2024\/07\/castanha-03-10x12.jpg 10w\" sizes=\"(max-width: 225px) 100vw, 225px\" \/>\t\t\t\t\t\t\t\t\t\t\t\t\t<\/div>\n\t\t\t\t<\/div>\n\t\t\t\t\t<\/div>\n\t\t<\/div>\n\t\t\t\t\t<\/div>\n\t\t<\/section>\n\t\t\t\t\t<\/div>\n\t\t<\/div>\n\t\t\t\t\t<\/div>\n\t\t<\/section>\n\t\t\t\t<section class=\"elementor-section elementor-top-section elementor-element elementor-element-61553268 elementor-section-boxed elementor-section-height-default elementor-section-height-default elementor-invisible\" data-id=\"61553268\" data-element_type=\"section\" data-settings=\"{&quot;animation&quot;:&quot;fadeInUp&quot;}\">\n\t\t\t\t\t\t<div class=\"elementor-container elementor-column-gap-default\">\n\t\t\t\t\t<div class=\"elementor-column elementor-col-25 elementor-top-column elementor-element elementor-element-6369fdca\" data-id=\"6369fdca\" data-element_type=\"column\">\n\t\t\t<div class=\"elementor-widget-wrap elementor-element-populated\">\n\t\t\t\t\t\t<div class=\"elementor-element elementor-element-305ea76b ekit-equal-height-disable elementor-widget elementor-widget-elementskit-icon-box\" data-id=\"305ea76b\" data-element_type=\"widget\" data-widget_type=\"elementskit-icon-box.default\">\n\t\t\t\t<div class=\"elementor-widget-container\">\n\t\t\t<div class=\"ekit-wid-con\" >        <!-- link opening -->\n                <a href=\"https:\/\/dumatowild.com\/en\/suplementos-alimentares\/\" class=\"ekit_global_links\">\n                <!-- end link opening -->\n\n        <div class=\"elementskit-infobox text-center text- icon-top-align elementor-animation-\">\n                    <div class=\"elementskit-box-header elementor-animation-\">\n                <div class=\"elementskit-info-box-icon\">\n                    <svg aria-hidden=\"true\" class=\"elementkit-infobox-icon e-font-icon-svg e-fas-seedling\" viewbox=\"0 0 512 512\" xmlns=\"http:\/\/www.w3.org\/2000\/svg\"><path d=\"M64 96H0c0 123.7 100.3 224 224 224v144c0 8.8 7.2 16 16 16h32c8.8 0 16-7.2 16-16V320C288 196.3 187.7 96 64 96zm384-64c-84.2 0-157.4 46.5-195.7 115.2 27.7 30.2 48.2 66.9 59 107.6C424 243.1 512 147.9 512 32h-64z\"><\/path><\/svg>\n                <\/div>\n          <\/div>\n                        <div class=\"box-body\">\n                            <h3 class=\"elementskit-info-box-title\">\n                    Food Supplements                <\/h3>\n                                            <\/div>\n        \n        \n                <\/div>\n                <\/a>\n        <\/div>\t\t<\/div>\n\t\t\t\t<\/div>\n\t\t\t\t\t<\/div>\n\t\t<\/div>\n\t\t\t\t<div class=\"elementor-column elementor-col-25 elementor-top-column elementor-element elementor-element-17cec674\" data-id=\"17cec674\" data-element_type=\"column\">\n\t\t\t<div class=\"elementor-widget-wrap elementor-element-populated\">\n\t\t\t\t\t\t<div class=\"elementor-element elementor-element-62d1e797 ekit-equal-height-disable elementor-widget elementor-widget-elementskit-icon-box\" data-id=\"62d1e797\" data-element_type=\"widget\" data-widget_type=\"elementskit-icon-box.default\">\n\t\t\t\t<div class=\"elementor-widget-container\">\n\t\t\t<div class=\"ekit-wid-con\" >        <!-- link opening -->\n                <a href=\"https:\/\/dumatowild.com\/en\/oleos-vegetais\/\" class=\"ekit_global_links\">\n                <!-- end link opening -->\n\n        <div class=\"elementskit-infobox text-center text- icon-top-align elementor-animation-\">\n                    <div class=\"elementskit-box-header elementor-animation-\">\n                <div class=\"elementskit-info-box-icon\">\n                    <svg aria-hidden=\"true\" class=\"elementkit-infobox-icon e-font-icon-svg e-fas-seedling\" viewbox=\"0 0 512 512\" xmlns=\"http:\/\/www.w3.org\/2000\/svg\"><path d=\"M64 96H0c0 123.7 100.3 224 224 224v144c0 8.8 7.2 16 16 16h32c8.8 0 16-7.2 16-16V320C288 196.3 187.7 96 64 96zm384-64c-84.2 0-157.4 46.5-195.7 115.2 27.7 30.2 48.2 66.9 59 107.6C424 243.1 512 147.9 512 32h-64z\"><\/path><\/svg>\n                <\/div>\n          <\/div>\n                        <div class=\"box-body\">\n                            <h3 class=\"elementskit-info-box-title\">\n                    Vegetable Oils                <\/h3>\n                                            <\/div>\n        \n        \n                <\/div>\n                <\/a>\n        <\/div>\t\t<\/div>\n\t\t\t\t<\/div>\n\t\t\t\t\t<\/div>\n\t\t<\/div>\n\t\t\t\t<div class=\"elementor-column elementor-col-25 elementor-top-column elementor-element elementor-element-6fd167e0\" data-id=\"6fd167e0\" data-element_type=\"column\">\n\t\t\t<div class=\"elementor-widget-wrap elementor-element-populated\">\n\t\t\t\t\t\t<div class=\"elementor-element elementor-element-2be6366d ekit-equal-height-disable elementor-widget elementor-widget-elementskit-icon-box\" data-id=\"2be6366d\" data-element_type=\"widget\" data-widget_type=\"elementskit-icon-box.default\">\n\t\t\t\t<div class=\"elementor-widget-container\">\n\t\t\t<div class=\"ekit-wid-con\" >        <!-- link opening -->\n                <a href=\"https:\/\/dumatowild.com\/en\/produtos-fitoterapeuticos\/\" class=\"ekit_global_links\">\n                <!-- end link opening -->\n\n        <div class=\"elementskit-infobox text-center text- icon-top-align elementor-animation-\">\n                    <div class=\"elementskit-box-header elementor-animation-\">\n                <div class=\"elementskit-info-box-icon\">\n                    <svg aria-hidden=\"true\" class=\"elementkit-infobox-icon e-font-icon-svg e-fas-seedling\" viewbox=\"0 0 512 512\" xmlns=\"http:\/\/www.w3.org\/2000\/svg\"><path d=\"M64 96H0c0 123.7 100.3 224 224 224v144c0 8.8 7.2 16 16 16h32c8.8 0 16-7.2 16-16V320C288 196.3 187.7 96 64 96zm384-64c-84.2 0-157.4 46.5-195.7 115.2 27.7 30.2 48.2 66.9 59 107.6C424 243.1 512 147.9 512 32h-64z\"><\/path><\/svg>\n                <\/div>\n          <\/div>\n                        <div class=\"box-body\">\n                            <h3 class=\"elementskit-info-box-title\">\n                    Phytotherapeutic Products                 <\/h3>\n                                            <\/div>\n        \n        \n                <\/div>\n                <\/a>\n        <\/div>\t\t<\/div>\n\t\t\t\t<\/div>\n\t\t\t\t\t<\/div>\n\t\t<\/div>\n\t\t\t\t<div class=\"elementor-column elementor-col-25 elementor-top-column elementor-element elementor-element-5ed1516a\" data-id=\"5ed1516a\" data-element_type=\"column\">\n\t\t\t<div class=\"elementor-widget-wrap elementor-element-populated\">\n\t\t\t\t\t\t<div class=\"elementor-element elementor-element-376d8828 ekit-equal-height-disable elementor-widget elementor-widget-elementskit-icon-box\" data-id=\"376d8828\" data-element_type=\"widget\" data-widget_type=\"elementskit-icon-box.default\">\n\t\t\t\t<div class=\"elementor-widget-container\">\n\t\t\t<div class=\"ekit-wid-con\" >        <!-- link opening -->\n                <a href=\"https:\/\/dumatowild.com\/en\/artesanato-indigena\/\" class=\"ekit_global_links\">\n                <!-- end link opening -->\n\n        <div class=\"elementskit-infobox text-center text- icon-top-align elementor-animation-\">\n                    <div class=\"elementskit-box-header elementor-animation-\">\n                <div class=\"elementskit-info-box-icon\">\n                    <svg aria-hidden=\"true\" class=\"elementkit-infobox-icon e-font-icon-svg e-fas-seedling\" viewbox=\"0 0 512 512\" xmlns=\"http:\/\/www.w3.org\/2000\/svg\"><path d=\"M64 96H0c0 123.7 100.3 224 224 224v144c0 8.8 7.2 16 16 16h32c8.8 0 16-7.2 16-16V320C288 196.3 187.7 96 64 96zm384-64c-84.2 0-157.4 46.5-195.7 115.2 27.7 30.2 48.2 66.9 59 107.6C424 243.1 512 147.9 512 32h-64z\"><\/path><\/svg>\n                <\/div>\n          <\/div>\n                        <div class=\"box-body\">\n                            <h3 class=\"elementskit-info-box-title\">\n                    Indigenous art                <\/h3>\n                                            <\/div>\n        \n        \n                <\/div>\n                <\/a>\n        <\/div>\t\t<\/div>\n\t\t\t\t<\/div>\n\t\t\t\t\t<\/div>\n\t\t<\/div>\n\t\t\t\t\t<\/div>\n\t\t<\/section>\n\t\t\t\t<section class=\"elementor-section elementor-inner-section elementor-element elementor-element-791ad30a elementor-section-height-min-height elementor-section-boxed elementor-section-height-default\" data-id=\"791ad30a\" data-element_type=\"section\" data-settings=\"{&quot;background_background&quot;:&quot;classic&quot;}\">\n\t\t\t\t\t\t<div class=\"elementor-container elementor-column-gap-default\">\n\t\t\t\t\t<div class=\"elementor-column elementor-col-100 elementor-inner-column elementor-element elementor-element-5c4c5ecc\" data-id=\"5c4c5ecc\" data-element_type=\"column\">\n\t\t\t<div class=\"elementor-widget-wrap elementor-element-populated\">\n\t\t\t\t\t\t<div class=\"elementor-element elementor-element-795b38a8 elementor-widget elementor-widget-heading\" data-id=\"795b38a8\" data-element_type=\"widget\" data-widget_type=\"heading.default\">\n\t\t\t\t<div class=\"elementor-widget-container\">\n\t\t\t<h6 class=\"elementor-heading-title elementor-size-default\">If a product is not in our catalogue, please contact us. Thanks to our privileged contacts, we will certainly be able to supply it to you.<\/h6>\t\t<\/div>\n\t\t\t\t<\/div>\n\t\t\t\t\t<\/div>\n\t\t<\/div>\n\t\t\t\t\t<\/div>\n\t\t<\/section>\n\t\t\t\t<\/div>","protected":false},"excerpt":{"rendered":"<p>Nossos Produtos Castanhas da Amaz\u00f4nia \/ Castanhas do Brasil Bertholletia excelsa APRESENTA\u00c7\u00c3O A castanha-da-amaz\u00f4nia \u00e9 conhecida por sua riqueza em prote\u00ednas naturais, \u00e1cidos graxos insaturados e seu alto teor de sel\u00eanio, zinco, cobre, magn\u00e9sio, fibras e minerais \u00fateis para o metabolismo. \u00c9 uma fonte vegetal completa de nutri\u00e7\u00e3o e energia. A DUMATO WILD oferece duas [&hellip;]<\/p>","protected":false},"author":1,"featured_media":0,"parent":0,"menu_order":0,"comment_status":"closed","ping_status":"closed","template":"","meta":{"footnotes":""},"class_list":["post-1161","page","type-page","status-publish","hentry"],"_links":{"self":[{"href":"https:\/\/dumatowild.com\/en\/wp-json\/wp\/v2\/pages\/1161","targetHints":{"allow":["GET"]}}],"collection":[{"href":"https:\/\/dumatowild.com\/en\/wp-json\/wp\/v2\/pages"}],"about":[{"href":"https:\/\/dumatowild.com\/en\/wp-json\/wp\/v2\/types\/page"}],"author":[{"embeddable":true,"href":"https:\/\/dumatowild.com\/en\/wp-json\/wp\/v2\/users\/1"}],"replies":[{"embeddable":true,"href":"https:\/\/dumatowild.com\/en\/wp-json\/wp\/v2\/comments?post=1161"}],"version-history":[{"count":1,"href":"https:\/\/dumatowild.com\/en\/wp-json\/wp\/v2\/pages\/1161\/revisions"}],"predecessor-version":[{"id":2454,"href":"https:\/\/dumatowild.com\/en\/wp-json\/wp\/v2\/pages\/1161\/revisions\/2454"}],"wp:attachment":[{"href":"https:\/\/dumatowild.com\/en\/wp-json\/wp\/v2\/media?parent=1161"}],"curies":[{"name":"wp","href":"https:\/\/api.w.org\/{rel}","templated":true}]}}