{"id":1094,"date":"2024-06-25T13:21:55","date_gmt":"2024-06-25T13:21:55","guid":{"rendered":"https:\/\/dumatowild.com\/?page_id=1094"},"modified":"2024-08-15T15:53:21","modified_gmt":"2024-08-15T15:53:21","slug":"guarana-em-po","status":"publish","type":"page","link":"https:\/\/dumatowild.com\/en\/guarana-em-po\/","title":{"rendered":"Guarana Powder"},"content":{"rendered":"<div data-elementor-type=\"wp-page\" data-elementor-id=\"1094\" class=\"elementor elementor-1094\" data-elementor-post-type=\"page\">\n\t\t\t\t\t\t<section class=\"elementor-section elementor-top-section elementor-element elementor-element-74700c7c elementor-section-height-min-height elementor-section-boxed elementor-section-height-default elementor-section-items-middle\" data-id=\"74700c7c\" data-element_type=\"section\" data-settings=\"{&quot;background_background&quot;:&quot;classic&quot;}\">\n\t\t\t\t\t\t<div class=\"elementor-container elementor-column-gap-default\">\n\t\t\t\t\t<div class=\"elementor-column elementor-col-100 elementor-top-column elementor-element elementor-element-5b0c52a7\" data-id=\"5b0c52a7\" data-element_type=\"column\">\n\t\t\t<div class=\"elementor-widget-wrap elementor-element-populated\">\n\t\t\t\t\t\t<div class=\"elementor-element elementor-element-4ee57ac2 elementor-widget elementor-widget-heading\" data-id=\"4ee57ac2\" data-element_type=\"widget\" data-widget_type=\"heading.default\">\n\t\t\t\t<div class=\"elementor-widget-container\">\n\t\t\t<style>\/*! elementor - v3.19.0 - 07-02-2024 *\/\n.elementor-heading-title{padding:0;margin:0;line-height:1}.elementor-widget-heading .elementor-heading-title[class*=elementor-size-]>a{color:inherit;font-size:inherit;line-height:inherit}.elementor-widget-heading .elementor-heading-title.elementor-size-small{font-size:15px}.elementor-widget-heading .elementor-heading-title.elementor-size-medium{font-size:19px}.elementor-widget-heading .elementor-heading-title.elementor-size-large{font-size:29px}.elementor-widget-heading .elementor-heading-title.elementor-size-xl{font-size:39px}.elementor-widget-heading .elementor-heading-title.elementor-size-xxl{font-size:59px}<\/style><h1 class=\"elementor-heading-title elementor-size-default\">Our products<\/h1>\t\t<\/div>\n\t\t\t\t<\/div>\n\t\t\t\t\t<\/div>\n\t\t<\/div>\n\t\t\t\t\t<\/div>\n\t\t<\/section>\n\t\t\t\t<section class=\"elementor-section elementor-top-section elementor-element elementor-element-a7582a5 elementor-section-boxed elementor-section-height-default elementor-section-height-default\" data-id=\"a7582a5\" data-element_type=\"section\">\n\t\t\t\t\t\t<div class=\"elementor-container elementor-column-gap-default\">\n\t\t\t\t\t<div class=\"elementor-column elementor-col-100 elementor-top-column elementor-element elementor-element-11246f85\" data-id=\"11246f85\" data-element_type=\"column\">\n\t\t\t<div class=\"elementor-widget-wrap elementor-element-populated\">\n\t\t\t\t\t\t<div class=\"elementor-element elementor-element-b2f806e elementor-widget elementor-widget-heading\" data-id=\"b2f806e\" data-element_type=\"widget\" data-widget_type=\"heading.default\">\n\t\t\t\t<div class=\"elementor-widget-container\">\n\t\t\t<h2 class=\"elementor-heading-title elementor-size-default\">Guarana Powder<\/h2>\t\t<\/div>\n\t\t\t\t<\/div>\n\t\t\t\t<div class=\"elementor-element elementor-element-30f7a39 elementor-widget elementor-widget-heading\" data-id=\"30f7a39\" data-element_type=\"widget\" data-widget_type=\"heading.default\">\n\t\t\t\t<div class=\"elementor-widget-container\">\n\t\t\t<h6 class=\"elementor-heading-title elementor-size-default\">Paullinia cupana<\/h6>\t\t<\/div>\n\t\t\t\t<\/div>\n\t\t\t\t<div class=\"elementor-element elementor-element-3cddc4f elementor-widget elementor-widget-heading\" data-id=\"3cddc4f\" data-element_type=\"widget\" data-widget_type=\"heading.default\">\n\t\t\t\t<div class=\"elementor-widget-container\">\n\t\t\t<h6 class=\"elementor-heading-title elementor-size-default\">PRESENTATION<\/h6>\t\t<\/div>\n\t\t\t\t<\/div>\n\t\t\t\t<div class=\"elementor-element elementor-element-1047c88a elementor-widget elementor-widget-text-editor\" data-id=\"1047c88a\" data-element_type=\"widget\" data-widget_type=\"text-editor.default\">\n\t\t\t\t<div class=\"elementor-widget-container\">\n\t\t\t<style>\/*! elementor - v3.19.0 - 07-02-2024 *\/\n.elementor-widget-text-editor.elementor-drop-cap-view-stacked .elementor-drop-cap{background-color:#69727d;color:#fff}.elementor-widget-text-editor.elementor-drop-cap-view-framed .elementor-drop-cap{color:#69727d;border:3px solid;background-color:transparent}.elementor-widget-text-editor:not(.elementor-drop-cap-view-default) .elementor-drop-cap{margin-top:8px}.elementor-widget-text-editor:not(.elementor-drop-cap-view-default) .elementor-drop-cap-letter{width:1em;height:1em}.elementor-widget-text-editor .elementor-drop-cap{float:left;text-align:center;line-height:1;font-size:50px}.elementor-widget-text-editor .elementor-drop-cap-letter{display:inline-block}<\/style>\t\t\t\t<p>Guarana is an exceptional dietary supplement. It is one of the most powerful natural stimulants. It helps stimulate the body, improves concentration, attention, memory and physical performance thanks to its high caffeine content and other substances such as guaranine and hypoxanthine.<\/p><p>Guaran\u00e1 comes from a vine native to the Mau\u00e9s region of the Amazon rainforest. Its seeds are roasted, ground into powder and consumed. While the guarana sold on the market usually comes from intensive agriculture, the guarana offered by DUMATO WILD comes from small producers who select the plants in the forest, cultivate them and roast the seeds in the traditional way. This whole process is carried out with the support of professors from the University of Amazonas. Our guarana comes from the forest and is also labeled organic.\u00a0\u00a0<\/p><p>Minimum order: 5kg.<\/p>\t\t\t\t\t\t<\/div>\n\t\t\t\t<\/div>\n\t\t\t\t<section class=\"elementor-section elementor-inner-section elementor-element elementor-element-1262ddf8 elementor-section-height-min-height elementor-section-boxed elementor-section-height-default\" data-id=\"1262ddf8\" data-element_type=\"section\" data-settings=\"{&quot;background_background&quot;:&quot;classic&quot;}\">\n\t\t\t\t\t\t<div class=\"elementor-container elementor-column-gap-default\">\n\t\t\t\t\t<div class=\"elementor-column elementor-col-100 elementor-inner-column elementor-element elementor-element-2272562b\" data-id=\"2272562b\" data-element_type=\"column\">\n\t\t\t<div class=\"elementor-widget-wrap elementor-element-populated\">\n\t\t\t\t\t\t<div class=\"elementor-element elementor-element-1f2d3f41 elementor-widget elementor-widget-heading\" data-id=\"1f2d3f41\" data-element_type=\"widget\" data-widget_type=\"heading.default\">\n\t\t\t\t<div class=\"elementor-widget-container\">\n\t\t\t<h6 class=\"elementor-heading-title elementor-size-default\">Guarana powder is used to fight physical and mental tiredness. Usually, guarana powder is used to replenish energy and even improve alertness. It contains caffeine and the effects of caffeine on our bodies make us more alert.<\/h6>\t\t<\/div>\n\t\t\t\t<\/div>\n\t\t\t\t\t<\/div>\n\t\t<\/div>\n\t\t\t\t\t<\/div>\n\t\t<\/section>\n\t\t\t\t<div class=\"elementor-element elementor-element-3e6126ac elementor-widget elementor-widget-heading\" data-id=\"3e6126ac\" data-element_type=\"widget\" data-widget_type=\"heading.default\">\n\t\t\t\t<div class=\"elementor-widget-container\">\n\t\t\t<h6 class=\"elementor-heading-title elementor-size-default\">BIOACTIVE COMPONENTS OF GUARANA<\/h6>\t\t<\/div>\n\t\t\t\t<\/div>\n\t\t\t\t<div class=\"elementor-element elementor-element-2c390d97 elementor-widget elementor-widget-text-editor\" data-id=\"2c390d97\" data-element_type=\"widget\" data-widget_type=\"text-editor.default\">\n\t\t\t\t<div class=\"elementor-widget-container\">\n\t\t\t\t\t\t\t<ul><li><strong>Fibre 8.2%:<\/strong><\/li><\/ul><p>They contribute to the feeling of early satiety, which can help with weight control by cutting down on exaggerated cravings for calorific foods.<\/p><p>\u00a0<\/p><ul><li><strong>Caffeine 4.4%:<\/strong><\/li><\/ul><p>Helps improve concentration, physical and mental performance, alertness and attention.<\/p><p>\u00a0<\/p><ul><li><strong>Copper:<\/strong><\/li><\/ul><p>Copper helps to:<\/p><ul><li>protect cells against oxidative stress<\/li><li>- proper functioning of the immune system<\/li><li>maintenance of normal connective tissue<\/li><li>a healthy energy metabolism<\/li><li>a good functioning of the nervous system<\/li><li>a good transport of iron in the body<\/li><li>healthy skin and hair pigmentation<\/li><\/ul><p>\u00a0<\/p><ul><li><strong>Magnesium:<\/strong><\/li><\/ul><p>Magnesium helps to:<\/p><ul><li>reduce fatigue<\/li><li>good energy metabolism<\/li><li>a good functioning of the nervous system<\/li><li>healthy muscle function<\/li><li>good protein synthesis<\/li><li>good psychological functions<\/li><li>maintenance of a good bone structure<\/li><li>maintenance of a normal dentitionau processus de division cellulaire<\/li><\/ul><p>\u00a0<\/p><ul><li><strong>Zinc:<\/strong><\/li><\/ul><p>Zinc contributes to:<\/p><ul><li>regulate DNA synthesis<\/li><li>regulate fertility and reproduction<\/li><li>regulate metabolism of fatty acids, macronutrients and vitamin A<\/li><li>good protein synthesis<\/li><li>maintenance of normal vision<\/li><li>good functioning of the immune system<\/li><li>protect cells against oxidative stress<\/li><li>maintenance of normal skin, nails and hair<\/li><li>maintenance of a good bone structure<\/li><li>cell division process<\/li><\/ul><p>\u00a0<\/p><ul><li><strong>Phosphorus:<\/strong><\/li><\/ul><p>Phosphorus contributes to:<\/p><ul><li>a healthy energy metabolism<\/li><li>regulate functioning of cell membranes<\/li><li>maintenance of a good bone structure<\/li><li>bone growth and development in children<\/li><li>maintenance of normal dentition<\/li><\/ul><p>\u00a0<\/p><ul><li><strong>Thiamine<\/strong><\/li><\/ul><p>Thiamine<\/p><ul><li>helps strengthening the nervous system<\/li><li>maintains good cardiovascular health<\/li><\/ul>\t\t\t\t\t\t<\/div>\n\t\t\t\t<\/div>\n\t\t\t\t<section class=\"elementor-section elementor-inner-section elementor-element elementor-element-23bb85ec elementor-section-boxed elementor-section-height-default elementor-section-height-default\" data-id=\"23bb85ec\" data-element_type=\"section\">\n\t\t\t\t\t\t<div class=\"elementor-container elementor-column-gap-default\">\n\t\t\t\t\t<div class=\"elementor-column elementor-col-33 elementor-inner-column elementor-element elementor-element-77c42c1a\" data-id=\"77c42c1a\" data-element_type=\"column\">\n\t\t\t<div class=\"elementor-widget-wrap elementor-element-populated\">\n\t\t\t\t\t\t<div class=\"elementor-element elementor-element-50361082 elementor-widget elementor-widget-image\" data-id=\"50361082\" data-element_type=\"widget\" data-widget_type=\"image.default\">\n\t\t\t\t<div class=\"elementor-widget-container\">\n\t\t\t<style>\/*! elementor - v3.19.0 - 07-02-2024 *\/\n.elementor-widget-image{text-align:center}.elementor-widget-image a{display:inline-block}.elementor-widget-image a img[src$=\".svg\"]{width:48px}.elementor-widget-image img{vertical-align:middle;display:inline-block}<\/style>\t\t\t\t\t\t\t\t\t\t<img fetchpriority=\"high\" decoding=\"async\" width=\"225\" height=\"260\" src=\"https:\/\/dumatowild.com\/wp-content\/uploads\/2024\/06\/guarana.jpg\" class=\"attachment-full size-full wp-image-388\" alt=\"Guarn\u00e1 em P\u00f3\" \/>\t\t\t\t\t\t\t\t\t\t\t\t\t<\/div>\n\t\t\t\t<\/div>\n\t\t\t\t\t<\/div>\n\t\t<\/div>\n\t\t\t\t<div class=\"elementor-column elementor-col-33 elementor-inner-column elementor-element elementor-element-2d23f386\" data-id=\"2d23f386\" data-element_type=\"column\">\n\t\t\t<div class=\"elementor-widget-wrap elementor-element-populated\">\n\t\t\t\t\t\t<div class=\"elementor-element elementor-element-185d712a elementor-widget elementor-widget-image\" data-id=\"185d712a\" data-element_type=\"widget\" data-widget_type=\"image.default\">\n\t\t\t\t<div class=\"elementor-widget-container\">\n\t\t\t\t\t\t\t\t\t\t\t\t\t<img decoding=\"async\" width=\"225\" height=\"260\" src=\"https:\/\/dumatowild.com\/wp-content\/uploads\/2024\/06\/guarana-em-po-01.jpg\" class=\"attachment-full size-full wp-image-1156\" alt=\"Guaran\u00e1 em p\u00f3\" srcset=\"https:\/\/dumatowild.com\/wp-content\/uploads\/2024\/06\/guarana-em-po-01.jpg 225w, https:\/\/dumatowild.com\/wp-content\/uploads\/2024\/06\/guarana-em-po-01-10x12.jpg 10w\" sizes=\"(max-width: 225px) 100vw, 225px\" \/>\t\t\t\t\t\t\t\t\t\t\t\t\t<\/div>\n\t\t\t\t<\/div>\n\t\t\t\t\t<\/div>\n\t\t<\/div>\n\t\t\t\t<div class=\"elementor-column elementor-col-33 elementor-inner-column elementor-element elementor-element-7aa7060c\" data-id=\"7aa7060c\" data-element_type=\"column\">\n\t\t\t<div class=\"elementor-widget-wrap elementor-element-populated\">\n\t\t\t\t\t\t<div class=\"elementor-element elementor-element-50b7da49 elementor-widget elementor-widget-image\" data-id=\"50b7da49\" data-element_type=\"widget\" data-widget_type=\"image.default\">\n\t\t\t\t<div class=\"elementor-widget-container\">\n\t\t\t\t\t\t\t\t\t\t\t\t\t<img decoding=\"async\" width=\"225\" height=\"260\" src=\"https:\/\/dumatowild.com\/wp-content\/uploads\/2024\/06\/guarana-em-po-02.jpg\" class=\"attachment-full size-full wp-image-1157\" alt=\"Guarana Powder\" srcset=\"https:\/\/dumatowild.com\/wp-content\/uploads\/2024\/06\/guarana-em-po-02.jpg 225w, https:\/\/dumatowild.com\/wp-content\/uploads\/2024\/06\/guarana-em-po-02-10x12.jpg 10w\" sizes=\"(max-width: 225px) 100vw, 225px\" \/>\t\t\t\t\t\t\t\t\t\t\t\t\t<\/div>\n\t\t\t\t<\/div>\n\t\t\t\t\t<\/div>\n\t\t<\/div>\n\t\t\t\t\t<\/div>\n\t\t<\/section>\n\t\t\t\t\t<\/div>\n\t\t<\/div>\n\t\t\t\t\t<\/div>\n\t\t<\/section>\n\t\t\t\t<section class=\"elementor-section elementor-top-section elementor-element elementor-element-56a6eddb elementor-section-boxed elementor-section-height-default elementor-section-height-default elementor-invisible\" data-id=\"56a6eddb\" data-element_type=\"section\" data-settings=\"{&quot;animation&quot;:&quot;fadeInUp&quot;}\">\n\t\t\t\t\t\t<div class=\"elementor-container elementor-column-gap-default\">\n\t\t\t\t\t<div class=\"elementor-column elementor-col-25 elementor-top-column elementor-element elementor-element-63506411\" data-id=\"63506411\" data-element_type=\"column\">\n\t\t\t<div class=\"elementor-widget-wrap elementor-element-populated\">\n\t\t\t\t\t\t<div class=\"elementor-element elementor-element-5f83342 ekit-equal-height-disable elementor-widget elementor-widget-elementskit-icon-box\" data-id=\"5f83342\" data-element_type=\"widget\" data-widget_type=\"elementskit-icon-box.default\">\n\t\t\t\t<div class=\"elementor-widget-container\">\n\t\t\t<div class=\"ekit-wid-con\" >        <!-- link opening -->\n                <a href=\"https:\/\/dumatowild.com\/en\/suplementos-alimentares\/\" class=\"ekit_global_links\">\n                <!-- end link opening -->\n\n        <div class=\"elementskit-infobox text-center text- icon-top-align elementor-animation-\">\n                    <div class=\"elementskit-box-header elementor-animation-\">\n                <div class=\"elementskit-info-box-icon\">\n                    <svg aria-hidden=\"true\" class=\"elementkit-infobox-icon e-font-icon-svg e-fas-seedling\" viewbox=\"0 0 512 512\" xmlns=\"http:\/\/www.w3.org\/2000\/svg\"><path d=\"M64 96H0c0 123.7 100.3 224 224 224v144c0 8.8 7.2 16 16 16h32c8.8 0 16-7.2 16-16V320C288 196.3 187.7 96 64 96zm384-64c-84.2 0-157.4 46.5-195.7 115.2 27.7 30.2 48.2 66.9 59 107.6C424 243.1 512 147.9 512 32h-64z\"><\/path><\/svg>\n                <\/div>\n          <\/div>\n                        <div class=\"box-body\">\n                            <h3 class=\"elementskit-info-box-title\">\n                    Food Supplements                <\/h3>\n                                            <\/div>\n        \n        \n                <\/div>\n                <\/a>\n        <\/div>\t\t<\/div>\n\t\t\t\t<\/div>\n\t\t\t\t\t<\/div>\n\t\t<\/div>\n\t\t\t\t<div class=\"elementor-column elementor-col-25 elementor-top-column elementor-element elementor-element-6206718\" data-id=\"6206718\" data-element_type=\"column\">\n\t\t\t<div class=\"elementor-widget-wrap elementor-element-populated\">\n\t\t\t\t\t\t<div class=\"elementor-element elementor-element-37a39a11 ekit-equal-height-disable elementor-widget elementor-widget-elementskit-icon-box\" data-id=\"37a39a11\" data-element_type=\"widget\" data-widget_type=\"elementskit-icon-box.default\">\n\t\t\t\t<div class=\"elementor-widget-container\">\n\t\t\t<div class=\"ekit-wid-con\" >        <!-- link opening -->\n                <a href=\"https:\/\/dumatowild.com\/en\/oleos-vegetais\/\" class=\"ekit_global_links\">\n                <!-- end link opening -->\n\n        <div class=\"elementskit-infobox text-center text- icon-top-align elementor-animation-\">\n                    <div class=\"elementskit-box-header elementor-animation-\">\n                <div class=\"elementskit-info-box-icon\">\n                    <svg aria-hidden=\"true\" class=\"elementkit-infobox-icon e-font-icon-svg e-fas-seedling\" viewbox=\"0 0 512 512\" xmlns=\"http:\/\/www.w3.org\/2000\/svg\"><path d=\"M64 96H0c0 123.7 100.3 224 224 224v144c0 8.8 7.2 16 16 16h32c8.8 0 16-7.2 16-16V320C288 196.3 187.7 96 64 96zm384-64c-84.2 0-157.4 46.5-195.7 115.2 27.7 30.2 48.2 66.9 59 107.6C424 243.1 512 147.9 512 32h-64z\"><\/path><\/svg>\n                <\/div>\n          <\/div>\n                        <div class=\"box-body\">\n                            <h3 class=\"elementskit-info-box-title\">\n                    Vegetable Oils                <\/h3>\n                                            <\/div>\n        \n        \n                <\/div>\n                <\/a>\n        <\/div>\t\t<\/div>\n\t\t\t\t<\/div>\n\t\t\t\t\t<\/div>\n\t\t<\/div>\n\t\t\t\t<div class=\"elementor-column elementor-col-25 elementor-top-column elementor-element elementor-element-e4b24b6\" data-id=\"e4b24b6\" data-element_type=\"column\">\n\t\t\t<div class=\"elementor-widget-wrap elementor-element-populated\">\n\t\t\t\t\t\t<div class=\"elementor-element elementor-element-e4b5662 ekit-equal-height-disable elementor-widget elementor-widget-elementskit-icon-box\" data-id=\"e4b5662\" data-element_type=\"widget\" data-widget_type=\"elementskit-icon-box.default\">\n\t\t\t\t<div class=\"elementor-widget-container\">\n\t\t\t<div class=\"ekit-wid-con\" >        <!-- link opening -->\n                <a href=\"https:\/\/dumatowild.com\/en\/produtos-fitoterapeuticos\/\" class=\"ekit_global_links\">\n                <!-- end link opening -->\n\n        <div class=\"elementskit-infobox text-center text- icon-top-align elementor-animation-\">\n                    <div class=\"elementskit-box-header elementor-animation-\">\n                <div class=\"elementskit-info-box-icon\">\n                    <svg aria-hidden=\"true\" class=\"elementkit-infobox-icon e-font-icon-svg e-fas-seedling\" viewbox=\"0 0 512 512\" xmlns=\"http:\/\/www.w3.org\/2000\/svg\"><path d=\"M64 96H0c0 123.7 100.3 224 224 224v144c0 8.8 7.2 16 16 16h32c8.8 0 16-7.2 16-16V320C288 196.3 187.7 96 64 96zm384-64c-84.2 0-157.4 46.5-195.7 115.2 27.7 30.2 48.2 66.9 59 107.6C424 243.1 512 147.9 512 32h-64z\"><\/path><\/svg>\n                <\/div>\n          <\/div>\n                        <div class=\"box-body\">\n                            <h3 class=\"elementskit-info-box-title\">\n                    Phytotherapeutic Products                 <\/h3>\n                                            <\/div>\n        \n        \n                <\/div>\n                <\/a>\n        <\/div>\t\t<\/div>\n\t\t\t\t<\/div>\n\t\t\t\t\t<\/div>\n\t\t<\/div>\n\t\t\t\t<div class=\"elementor-column elementor-col-25 elementor-top-column elementor-element elementor-element-8a0d729\" data-id=\"8a0d729\" data-element_type=\"column\">\n\t\t\t<div class=\"elementor-widget-wrap elementor-element-populated\">\n\t\t\t\t\t\t<div class=\"elementor-element elementor-element-533ec525 ekit-equal-height-disable elementor-widget elementor-widget-elementskit-icon-box\" data-id=\"533ec525\" data-element_type=\"widget\" data-widget_type=\"elementskit-icon-box.default\">\n\t\t\t\t<div class=\"elementor-widget-container\">\n\t\t\t<div class=\"ekit-wid-con\" >        <!-- link opening -->\n                <a href=\"https:\/\/dumatowild.com\/en\/artesanato-indigena\/\" class=\"ekit_global_links\">\n                <!-- end link opening -->\n\n        <div class=\"elementskit-infobox text-center text- icon-top-align elementor-animation-\">\n                    <div class=\"elementskit-box-header elementor-animation-\">\n                <div class=\"elementskit-info-box-icon\">\n                    <svg aria-hidden=\"true\" class=\"elementkit-infobox-icon e-font-icon-svg e-fas-seedling\" viewbox=\"0 0 512 512\" xmlns=\"http:\/\/www.w3.org\/2000\/svg\"><path d=\"M64 96H0c0 123.7 100.3 224 224 224v144c0 8.8 7.2 16 16 16h32c8.8 0 16-7.2 16-16V320C288 196.3 187.7 96 64 96zm384-64c-84.2 0-157.4 46.5-195.7 115.2 27.7 30.2 48.2 66.9 59 107.6C424 243.1 512 147.9 512 32h-64z\"><\/path><\/svg>\n                <\/div>\n          <\/div>\n                        <div class=\"box-body\">\n                            <h3 class=\"elementskit-info-box-title\">\n                    Indigenous art                <\/h3>\n                                            <\/div>\n        \n        \n                <\/div>\n                <\/a>\n        <\/div>\t\t<\/div>\n\t\t\t\t<\/div>\n\t\t\t\t\t<\/div>\n\t\t<\/div>\n\t\t\t\t\t<\/div>\n\t\t<\/section>\n\t\t\t\t<section class=\"elementor-section elementor-inner-section elementor-element elementor-element-702d71e4 elementor-section-height-min-height elementor-section-boxed elementor-section-height-default\" data-id=\"702d71e4\" data-element_type=\"section\" data-settings=\"{&quot;background_background&quot;:&quot;classic&quot;}\">\n\t\t\t\t\t\t<div class=\"elementor-container elementor-column-gap-default\">\n\t\t\t\t\t<div class=\"elementor-column elementor-col-100 elementor-inner-column elementor-element elementor-element-568d899b\" data-id=\"568d899b\" data-element_type=\"column\">\n\t\t\t<div class=\"elementor-widget-wrap elementor-element-populated\">\n\t\t\t\t\t\t<div class=\"elementor-element elementor-element-42210a4e elementor-widget elementor-widget-heading\" data-id=\"42210a4e\" data-element_type=\"widget\" data-widget_type=\"heading.default\">\n\t\t\t\t<div class=\"elementor-widget-container\">\n\t\t\t<h6 class=\"elementor-heading-title elementor-size-default\">If a product is not in our catalogue, please contact us. Thanks to our privileged contacts, we will certainly be able to supply it to you.<\/h6>\t\t<\/div>\n\t\t\t\t<\/div>\n\t\t\t\t\t<\/div>\n\t\t<\/div>\n\t\t\t\t\t<\/div>\n\t\t<\/section>\n\t\t\t\t<\/div>","protected":false},"excerpt":{"rendered":"<p>Nossos Produtos Guaran\u00e1 em P\u00f3 Paullinia cupana APRESENTA\u00c7\u00c3O O guaran\u00e1 \u00e9 um suplemento diet\u00e9tico excepcional. \u00c9 um dos mais poderosos estimulantes naturais. Ajuda a estimular o organismo, melhora a concentra\u00e7\u00e3o, a aten\u00e7\u00e3o e a mem\u00f3ria e a performance f\u00edsica, gra\u00e7as ao seu alto teor de cafe\u00edna e outras subst\u00e2ncias como a guaranina e a hipoxantina. [&hellip;]<\/p>","protected":false},"author":1,"featured_media":0,"parent":0,"menu_order":0,"comment_status":"closed","ping_status":"closed","template":"","meta":{"footnotes":""},"class_list":["post-1094","page","type-page","status-publish","hentry"],"_links":{"self":[{"href":"https:\/\/dumatowild.com\/en\/wp-json\/wp\/v2\/pages\/1094","targetHints":{"allow":["GET"]}}],"collection":[{"href":"https:\/\/dumatowild.com\/en\/wp-json\/wp\/v2\/pages"}],"about":[{"href":"https:\/\/dumatowild.com\/en\/wp-json\/wp\/v2\/types\/page"}],"author":[{"embeddable":true,"href":"https:\/\/dumatowild.com\/en\/wp-json\/wp\/v2\/users\/1"}],"replies":[{"embeddable":true,"href":"https:\/\/dumatowild.com\/en\/wp-json\/wp\/v2\/comments?post=1094"}],"version-history":[{"count":1,"href":"https:\/\/dumatowild.com\/en\/wp-json\/wp\/v2\/pages\/1094\/revisions"}],"predecessor-version":[{"id":2453,"href":"https:\/\/dumatowild.com\/en\/wp-json\/wp\/v2\/pages\/1094\/revisions\/2453"}],"wp:attachment":[{"href":"https:\/\/dumatowild.com\/en\/wp-json\/wp\/v2\/media?parent=1094"}],"curies":[{"name":"wp","href":"https:\/\/api.w.org\/{rel}","templated":true}]}}